{"id":3323,"date":"2024-02-01T10:23:31","date_gmt":"2024-02-01T10:23:31","guid":{"rendered":"https:\/\/maree.edge-themes.com\/?post_type=product&#038;p=60"},"modified":"2024-03-02T12:39:39","modified_gmt":"2024-03-02T12:39:39","slug":"rougegorge","status":"publish","type":"product","link":"https:\/\/www.lauredorin.com\/portfolio\/product\/rougegorge\/","title":{"rendered":"Rouge-gorge &#8211; 18x24cm"},"content":{"rendered":"<p>Estampe num\u00e9rique Fine Art, en tirage limit\u00e9 \u00e0 50 exemplaires.<br \/>\nPapier textur\u00e9 Hahnem\u00fchle Museum Etching 350g &#8211; Format 18 x 24 cm.<br \/>\nChaque illustration est num\u00e9rot\u00e9e et sign\u00e9e.<\/p>\n<p>L&#8217;impression en jet d&#8217;encre pigmentaire (aussi appel\u00e9 impression Gicl\u00e9e) permet des impressions de haute qualit\u00e9, aux couleurs vives, denses et piqu\u00e9es, et au noir &#038; blanc cisel\u00e9 et nuanc\u00e9.<\/p>\n<p>Le papier Museum Etching Hahnem\u00fchle est un support textur\u00e9 et \u00e9pais qui procure aux images une profondeur toute particuli\u00e8re. Avec son ton l\u00e9g\u00e8rement chaud, ce papier restitue couleurs et contrastes de mani\u00e8re optimale.<\/p>\n","protected":false},"excerpt":{"rendered":"<p>Estampe num\u00e9rique Fine Art, en tirage limit\u00e9 \u00e0 50 exemplaires num\u00e9rot\u00e9s et sign\u00e9s.<br \/>\nPapier textur\u00e9 Hahnem\u00fchle Museum Etching 350g.<br \/>\nFormat 18 x 24 cm.<\/p>\n","protected":false},"featured_media":5293,"template":"","meta":[],"product_cat":[506],"product_tag":[],"class_list":{"0":"post-3323","1":"product","2":"type-product","3":"status-publish","4":"has-post-thumbnail","6":"product_cat-impression-dart","8":"first","9":"instock","10":"taxable","11":"shipping-taxable","12":"purchasable","13":"product-type-simple"},"_links":{"self":[{"href":"https:\/\/www.lauredorin.com\/portfolio\/wp-json\/wp\/v2\/product\/3323","targetHints":{"allow":["GET"]}}],"collection":[{"href":"https:\/\/www.lauredorin.com\/portfolio\/wp-json\/wp\/v2\/product"}],"about":[{"href":"https:\/\/www.lauredorin.com\/portfolio\/wp-json\/wp\/v2\/types\/product"}],"wp:featuredmedia":[{"embeddable":true,"href":"https:\/\/www.lauredorin.com\/portfolio\/wp-json\/wp\/v2\/media\/5293"}],"wp:attachment":[{"href":"https:\/\/www.lauredorin.com\/portfolio\/wp-json\/wp\/v2\/media?parent=3323"}],"wp:term":[{"taxonomy":"product_cat","embeddable":true,"href":"https:\/\/www.lauredorin.com\/portfolio\/wp-json\/wp\/v2\/product_cat?post=3323"},{"taxonomy":"product_tag","embeddable":true,"href":"https:\/\/www.lauredorin.com\/portfolio\/wp-json\/wp\/v2\/product_tag?post=3323"}],"curies":[{"name":"wp","href":"https:\/\/api.w.org\/{rel}","templated":true}]}}