{"id":650,"date":"2019-05-10T14:41:40","date_gmt":"2019-05-10T14:41:40","guid":{"rendered":"https:\/\/maree.edge-themes.com\/?page_id=650"},"modified":"2024-02-29T15:53:59","modified_gmt":"2024-02-29T15:53:59","slug":"a-propos","status":"publish","type":"page","link":"https:\/\/www.lauredorin.com\/portfolio\/a-propos\/","title":{"rendered":"\u00c0 propos"},"content":{"rendered":"<p>[vc_row row_content_width=&#8221;grid&#8221;][vc_column offset=&#8221;vc_col-lg-12 vc_col-md-12&#8243;]<div class=\"edgtf-elements-holder   edgtf-two-columns  edgtf-responsive-mode-768 \" ><div class=\"edgtf-eh-item   edgtf-horizontal-alignment-center \"  data-item-class=\"edgtf-eh-custom-2564\" data-1367-1600=\"32px 0px 65px 90px\" data-1025-1366=\"32px 0px 65px 90px\" data-769-1024=\"45px 0px 0px 0px\" data-681-768=\"60px 0px 0px 0px\" data-680=\"80px 0px 0px 0px\">\n\t<div class=\"edgtf-eh-item-inner\">\n\t\t<div class=\"edgtf-eh-item-content edgtf-eh-custom-2564\" style=\"padding: 0px 0px 0px 90px\">\n\t\t\t[vc_single_image image=&#8221;5330&#8243; img_size=&#8221;843&#215;1140&#8243; css=&#8221;.vc_custom_1709222036968{padding-right: 40px !important;border-radius: 20px !important;}&#8221;]\t\t<\/div>\n\t<\/div>\n<\/div><div class=\"edgtf-eh-item    \"  data-item-class=\"edgtf-eh-custom-4715\" data-1367-1600=\"18% 8% 45px 10%\" data-1025-1366=\"18% 8% 45px 10%\" data-769-1024=\"25px 8% 100px 10%\" data-681-768=\"40px 8% 100px 10%\" data-680=\"0px 0px 100px 0px\">\n\t<div class=\"edgtf-eh-item-inner\">\n\t\t<div class=\"edgtf-eh-item-content edgtf-eh-custom-4715\" >\n\t\t\t<div class=\"edgtf-section-title-holder  edgtf-cf-8650 \"  data-item-class=\"edgtf-cf-8650\">\n\t<div class=\"edgtf-st-inner\">\n\t\t\t\t\t<h3 class=\"edgtf-st-title\" >\n\t\t\t\tJe suis <span class=\"edgtf-section-bold-ital\">r\u00e9alisatrice<br \/><\/span> d'animations &amp; <span class=\"edgtf-section-bold-ital\">illustratrice<\/span>\t\t\t<\/h3>\n\t\t\t\t\t\t\t<p class=\"edgtf-st-text\" style=\"font-size: 16px;line-height: 28px\">\n\t\t\t\tDirectrice artistique, r\u00e9alisatrice de films d\u2019animation et illustratrice, je suis \u00e9tablie en tant qu\u2019ind\u00e9pendante \u00e0 Paris depuis 2011.<br \/>\nDipl\u00f4m\u00e9e de l\u2019\u00e9cole sup\u00e9rieure des Arts d\u00e9coratifs de Strasbourg, j\u2019ai commenc\u00e9 ma carri\u00e8re en 2008 \u00e0 Paris en tant que designer graphique puis directrice artistique de projets web et multim\u00e9dias.\nDepuis 2011, je cr\u00e9e des illustrations et des animations dans la bonne humeur et la couleur, et collabore r\u00e9guli\u00e8rement avec Karambolage, \u00e9mission hebdomadaire diffus\u00e9e sur Arte.\t\t\t<\/p>\n\t\t\t\t\t<\/div>\n<\/div>[vc_empty_space height=&#8221;20px&#8221;]    <div class=\"edgtf-icon-list-holder \"  >\n                    <a itemprop=\"url\" href=\"#\" target=\"_blank\">\n                    <div class=\"edgtf-il-icon-holder\">\n                <i class=\"edgtf-icon-ion-icon ion-ios-email edgtf-icon-element\" style=\"font-size: 20px\"><\/i>            <\/div>\n            <p class=\"edgtf-il-text\" >laure.dorin(at)gmail.com<\/p>\n                    <\/a>\n                <\/div>\n    <div class=\"edgtf-icon-list-holder \"  >\n                    <a itemprop=\"url\" href=\"https:\/\/www.instagram.com\/laure.dorin\/\" target=\"_blank\">\n                    <div class=\"edgtf-il-icon-holder\">\n                <i class=\"edgtf-icon-ion-icon ion-social-instagram edgtf-icon-element\" style=\"font-size: 20px\"><\/i>            <\/div>\n            <p class=\"edgtf-il-text\" >Instagram<\/p>\n                    <\/a>\n                <\/div>\n    <div class=\"edgtf-icon-list-holder \"  >\n                    <a itemprop=\"url\" href=\"https:\/\/vimeo.com\/lauredorin\" target=\"_blank\">\n                    <div class=\"edgtf-il-icon-holder\">\n                <i class=\"edgtf-icon-ion-icon ion-social-vimeo edgtf-icon-element\" style=\"font-size: 20px\"><\/i>            <\/div>\n            <p class=\"edgtf-il-text\" >Vimeo<\/p>\n                    <\/a>\n                <\/div>\n\t\t<\/div>\n\t<\/div>\n<\/div><\/div>[\/vc_column][\/vc_row]<\/p>\n","protected":false},"excerpt":{"rendered":"<p>[vc_row row_content_width=&#8221;grid&#8221;][vc_column offset=&#8221;vc_col-lg-12 vc_col-md-12&#8243;][\/vc_column][\/vc_row]<\/p>\n","protected":false},"author":1,"featured_media":0,"parent":0,"menu_order":0,"comment_status":"closed","ping_status":"closed","template":"full-width.php","meta":{"footnotes":""},"class_list":["post-650","page","type-page","status-publish","hentry"],"_links":{"self":[{"href":"https:\/\/www.lauredorin.com\/portfolio\/wp-json\/wp\/v2\/pages\/650","targetHints":{"allow":["GET"]}}],"collection":[{"href":"https:\/\/www.lauredorin.com\/portfolio\/wp-json\/wp\/v2\/pages"}],"about":[{"href":"https:\/\/www.lauredorin.com\/portfolio\/wp-json\/wp\/v2\/types\/page"}],"author":[{"embeddable":true,"href":"https:\/\/www.lauredorin.com\/portfolio\/wp-json\/wp\/v2\/users\/1"}],"replies":[{"embeddable":true,"href":"https:\/\/www.lauredorin.com\/portfolio\/wp-json\/wp\/v2\/comments?post=650"}],"version-history":[{"count":84,"href":"https:\/\/www.lauredorin.com\/portfolio\/wp-json\/wp\/v2\/pages\/650\/revisions"}],"predecessor-version":[{"id":5331,"href":"https:\/\/www.lauredorin.com\/portfolio\/wp-json\/wp\/v2\/pages\/650\/revisions\/5331"}],"wp:attachment":[{"href":"https:\/\/www.lauredorin.com\/portfolio\/wp-json\/wp\/v2\/media?parent=650"}],"curies":[{"name":"wp","href":"https:\/\/api.w.org\/{rel}","templated":true}]}}